{"id":1577,"date":"2022-02-14T07:54:09","date_gmt":"2022-02-14T07:54:09","guid":{"rendered":"https:\/\/csulokcsarda.hu\/contacts\/"},"modified":"2026-04-21T20:07:04","modified_gmt":"2026-04-21T20:07:04","slug":"contacts","status":"publish","type":"page","link":"https:\/\/csulokcsarda.hu\/en\/contacts\/","title":{"rendered":"Contacts"},"content":{"rendered":"\t\t<div data-elementor-type=\"wp-page\" data-elementor-id=\"1577\" class=\"elementor elementor-1577 elementor-34\" data-elementor-post-type=\"page\">\n\t\t\t\t\t\t<section class=\"elementor-section elementor-top-section elementor-element elementor-element-0241b06 elementor-section-boxed elementor-section-height-default elementor-section-height-default\" data-id=\"0241b06\" data-element_type=\"section\" data-e-type=\"section\">\n\t\t\t\t\t\t<div class=\"elementor-container elementor-column-gap-default\">\n\t\t\t\t\t<div class=\"elementor-column elementor-col-100 elementor-top-column elementor-element elementor-element-49ac5ae\" data-id=\"49ac5ae\" data-element_type=\"column\" data-e-type=\"column\">\n\t\t\t<div class=\"elementor-widget-wrap elementor-element-populated\">\n\t\t\t\t\t\t<div class=\"elementor-element elementor-element-58d58c2 elementor-widget elementor-widget-cristiano_info_blocks\" data-id=\"58d58c2\" data-element_type=\"widget\" data-e-type=\"widget\" data-widget_type=\"cristiano_info_blocks.default\">\n\t\t\t\t<div class=\"elementor-widget-container\">\n\t\t\t\t\t\n\t\t<div class=\"contact-details\">\n\t\t\t\t\t\t\t<div class=\"heading deprecated\">\n\t\t\t\t\t<h2 class=\"title\">Cs\u00fcl\u00f6k Cs\u00e1rda<\/h2>\n\t\t\t\t\t<p class=\"subtitle\">Visit us!<\/p>\n\t\t\t\t<\/div>\n\t\t\t\t\t\t\t\t\t\t<div class=\"boxes cols-3\">\n\t\t\t\t\t\t\t\t\t\t\t<div class=\"box\">\n\t\t\t\t\t\t\t<h3>Phone<\/h3>\n\t\t\t\t\t\t\t<div class=\"content\"><p>+36 33 412 420<\/p>\n<\/div>\n\t\t\t\t\t\t\t\t\t\t\t\t\t\t\t<span class=\"icon-wrap\">\n\t\t\t\t\t\t\t\t\t<svg aria-hidden=\"true\" class=\"e-font-icon-svg e-fas-phone\" viewBox=\"0 0 512 512\" xmlns=\"http:\/\/www.w3.org\/2000\/svg\"><path d=\"M493.4 24.6l-104-24c-11.3-2.6-22.9 3.3-27.5 13.9l-48 112c-4.2 9.8-1.4 21.3 6.9 28l60.6 49.6c-36 76.7-98.9 140.5-177.2 177.2l-49.6-60.6c-6.8-8.3-18.2-11.1-28-6.9l-112 48C3.9 366.5-2 378.1.6 389.4l24 104C27.1 504.2 36.7 512 48 512c256.1 0 464-207.5 464-464 0-11.2-7.7-20.9-18.6-23.4z\"><\/path><\/svg>\t\t\t\n\t\t\t\t\t\t\t\t<\/span>\n\t\t\t\t\t\t\t\t\t\t\t\t\n\t\t\t\t\t\t<\/div>\n\t\t\t\t\t\t\t\t\t\t\t<div class=\"box\">\n\t\t\t\t\t\t\t<h3>Address<\/h3>\n\t\t\t\t\t\t\t<div class=\"content\"><p>2500 Esztergom, 9 Batthy\u00e1ny Lajos  street<\/p>\n<\/div>\n\t\t\t\t\t\t\t\t\t\t\t\t\t\t\t<span class=\"icon-wrap\">\n\t\t\t\t\t\t\t\t\t<svg aria-hidden=\"true\" class=\"e-font-icon-svg e-fas-map-marker-alt\" viewBox=\"0 0 384 512\" xmlns=\"http:\/\/www.w3.org\/2000\/svg\"><path d=\"M172.268 501.67C26.97 291.031 0 269.413 0 192 0 85.961 85.961 0 192 0s192 85.961 192 192c0 77.413-26.97 99.031-172.268 309.67-9.535 13.774-29.93 13.773-39.464 0zM192 272c44.183 0 80-35.817 80-80s-35.817-80-80-80-80 35.817-80 80 35.817 80 80 80z\"><\/path><\/svg>\t\t\t\n\t\t\t\t\t\t\t\t<\/span>\n\t\t\t\t\t\t\t\t\t\t\t\t\n\t\t\t\t\t\t<\/div>\n\t\t\t\t\t\t\t\t\t\t\t<div class=\"box\">\n\t\t\t\t\t\t\t<h3>Opening hours<\/h3>\n\t\t\t\t\t\t\t<div class=\"content\"><p>Monday-Saturday: 12.00-09.00 pm<br \/>\nSunday: 12.00-08.00 pm<br \/>\nThe kitchen closes one hour earlier.<\/p>\n<\/div>\n\t\t\t\t\t\t\t\t\t\t\t\t\t\t\t<span class=\"icon-wrap\">\n\t\t\t\t\t\t\t\t\t<svg aria-hidden=\"true\" class=\"e-font-icon-svg e-fas-clock\" viewBox=\"0 0 512 512\" xmlns=\"http:\/\/www.w3.org\/2000\/svg\"><path d=\"M256,8C119,8,8,119,8,256S119,504,256,504,504,393,504,256,393,8,256,8Zm92.49,313h0l-20,25a16,16,0,0,1-22.49,2.5h0l-67-49.72a40,40,0,0,1-15-31.23V112a16,16,0,0,1,16-16h32a16,16,0,0,1,16,16V256l58,42.5A16,16,0,0,1,348.49,321Z\"><\/path><\/svg>\t\t\t\n\t\t\t\t\t\t\t\t<\/span>\n\t\t\t\t\t\t\t\t\t\t\t\t\n\t\t\t\t\t\t<\/div>\n\t\t\t\t\t\t\t\t\t<\/div>\n\t\t\t\t\t<\/div>\n\t\t\n\t\t\t\t\t\t<\/div>\n\t\t\t\t<\/div>\n\t\t\t\t\t<\/div>\n\t\t<\/div>\n\t\t\t\t\t<\/div>\n\t\t<\/section>\n\t\t\t\t<section class=\"elementor-section elementor-top-section elementor-element elementor-element-17f766a elementor-section-boxed elementor-section-height-default elementor-section-height-default\" data-id=\"17f766a\" data-element_type=\"section\" data-e-type=\"section\">\n\t\t\t\t\t\t<div class=\"elementor-container elementor-column-gap-default\">\n\t\t\t\t\t<div class=\"elementor-column elementor-col-100 elementor-top-column elementor-element elementor-element-25a7ee7\" data-id=\"25a7ee7\" data-element_type=\"column\" data-e-type=\"column\">\n\t\t\t<div class=\"elementor-widget-wrap elementor-element-populated\">\n\t\t\t\t\t\t<div class=\"elementor-element elementor-element-bbfdf51 elementor-widget elementor-widget-cristiano_contact_form\" data-id=\"bbfdf51\" data-element_type=\"widget\" data-e-type=\"widget\" data-widget_type=\"cristiano_contact_form.default\">\n\t\t\t\t<div class=\"elementor-widget-container\">\n\t\t\t\t\t\t\t\n\t\t\n\t\t<div id=\"contact-form\">\n\t\t\t\t\t\t\t<div class=\"heading deprecated\">\n\t\t\t\t\t<h2 class=\"title\">Message<\/h2>\n\t\t\t\t\t<p class=\"subtitle\">Contact<\/p>\n\t\t\t\t<\/div>\n\t\t\t\t\t\t\t<form id=\"ajax-contact\" method=\"post\" action=\"https:\/\/csulokcsarda.hu\/wp-admin\/admin-ajax.php\">\n\t\t\t\t\t<div id=\"form-messages\" class=\"submit-form-message\"><\/div>\n\t\t\t\t\t<div class=\"form-items cols-3\">\n\t\t\t\t\t\t<p class=\"form-item\">\n\t\t\t\t\t\t\t<label for=\"input-name\">Your Name *<\/label>\n\t\t\t\t\t\t\t<input type=\"text\" id=\"input-name\" name=\"name\" class=\"required\">\n\t\t\t\t\t\t<\/p>\n\t\t\t\t\t\t<p class=\"form-item\">\n\t\t\t\t\t\t\t<label for=\"input-email\">Your Email *<\/label>\n\t\t\t\t\t\t\t<input type=\"email\" id=\"input-email\" name=\"email\" class=\"required\">\n\t\t\t\t\t\t<\/p>\n\t\t\t\t\t\t<p class=\"form-item\">\n\t\t\t\t\t\t\t<label for=\"input-phone\">Your Phone<\/label>\n\t\t\t\t\t\t\t<input type=\"tel\" id=\"input-phone\" name=\"phone\" >\n\t\t\t\t\t\t<\/p>\n\t\t\t\t\t<\/div>\t\t\t\n\t\t\t\t\t<p class=\"form-item full-width\">\n\t\t\t\t\t\t<label for=\"textarea-message\">Message *<\/label>\n\t\t\t\t\t\t<textarea id=\"textarea-message\" name=\"message\" class=\"required\"><\/textarea>\n\t\t\t\t\t<\/p>\t\t\t\t\t\n\t\t\t\t\t<p class=\"align-center\">\n\t\t\t\t\t\t\t\t\t\t\t\t\t<div class=\"g-recaptcha\"  data-sitekey=\"6LdLv1MeAAAAAIL6UUUqLSMnMPMTIuKIlZceGdUf\"><\/div>\n\t\t\t\t\t\t\t\t\t\t\t\t<button type=\"submit\" class=\"btn-form btn btn-default btn-lg\">Send message<\/button>\n\t\t\t\t\t<\/p>\n\t\t\t\t<\/form>\n\t\t\t\t\n\t\t<\/div>\n\t\t<script>\n\t\t\tjQuery(document).ready(function($) {\n\t\t\t\t\n\t\t\t\tfunction validate(){\n\t\t\t\t\tvar form = jQuery('#ajax-contact');\t\t\t\t\n\t\t\t\t\tform.find('[name]').each(function(index, value){\n\t\t\t\t\t\tvar that = $(this),\n\t\t\t\t\t\t\t value = that.val(),\n\t\t\t\t\t\t\tname = that.attr('name');\t\t\n\t\t\t\t\t\t\t\n\t\t\t\t\t\tif(that.hasClass('required')) {\n\t\t\t\t\t\t\tif(value == '' || value.length < 3 && value.length > 50) {\n\t\t\t\t\t\t\t\tthat.addClass('error');\n\t\t\t\t\t\t\t} else {\n\t\t\t\t\t\t\t\tthat.removeClass('error');\n\t\t\t\t\t\t\t}\n\t\t\t\t\t\t\tif(name == 'phone') {\n\t\t\t\t\t\t\t\tif(!value.match(\/[1-4-+]\/g)) {\n\t\t\t\t\t\t\t\t\tthat.addClass('error');\n\t\t\t\t\t\t\t\t}\n\t\t\t\t\t\t\t}\n\t\t\t\t\t\t\tif(name == 'email') {\n\t\t\t\t\t\t\t\tif(!value.match(\/^([\\w-]+(?:\\.[\\w-]+)*)@((?:[\\w-]+\\.)*\\w[\\w-]{0,66})\\.([a-z]{2,6}(?:\\.[a-z]{2})?)$\/i)) {\n\t\t\t\t\t\t\t\t\tthat.addClass('error');\n\t\t\t\t\t\t\t\t}\n\t\t\t\t\t\t\t}\n\t\t\t\t\t\t}\n\t\t\t\t\t});\n\t\t\t\t\tif(form.find('.required').hasClass('error')) {\n\t\t\t\t\t\t\t\t\t\t\t\treturn false;\n\t\t\t\t\t}\n\t\t\t\t\t\t\t\t\t\treturn true;\n\t\t\t\t}\n\t\t\t\t\n\t\t\tjQuery('#ajax-contact').on('submit', function(e) {\n\t\t\t\t\n\t\t\t\te.preventDefault();\n\t\t\t\tvar formMessages = $('#form-messages');\n\t\t\t\tvar form = jQuery(this);\t\t\t\t\n\t\t\t\t\n\t\t\t\tif(validate()) {\n\t\t\t\t\tvar data = {\n\t\t\t\t\t\taction: 'contact_submit',\n\t\t\t\t\t\tform_data: form.serialize(),\n\t\t\t\t\t}; \t\t\n\t\t\t\t\t\n\t\t\t\t\tjQuery.post( form.attr('action'), data, function(response) {\n\t\t\t\t\t\t\n\t\t\t\t\t\tvar response  = (jQuery.parseJSON(response));\n\t\t\t\t\t\t\/\/ Make sure that the formMessages div has the 'success' class.\n\t\t\t\t\t\t$(formMessages).removeClass('error');\n\t\t\t\t\t\t$(formMessages).addClass(response.class);\n\t\t\t\t\t\t\n\t\t\t\t\t\t\/\/ Set the message text.\n\t\t\t\t\t\t$(formMessages).text(response.message);\n\t\t\t\t\t\t\n\t\t\t\t\t\tif(response.class == 'success') {\n\t\t\t\t\t\t\tform[0].reset();   \n\t\t\t\t\t\t}\n\t\t\t\t\t\t\n\t\t\t\t\t\t\/\/$('#reservation-submit').prop(\"disabled\", true);\n\t\t\t\t\t});\n\t\t\t\t}\n\t\t\t\t\n\t\t\t});\t\n\t\t\t\/\/ this block can be defined anywhere\n\t\t});\t\n\t\t<\/script>\n\t\t\n\t\t\t\t\t\t<\/div>\n\t\t\t\t<\/div>\n\t\t\t\t<div class=\"elementor-element elementor-element-b3a2f0f zed-contact-form-note elementor-widget elementor-widget-text-editor\" data-id=\"b3a2f0f\" data-element_type=\"widget\" data-e-type=\"widget\" data-widget_type=\"text-editor.default\">\n\t\t\t\t<div class=\"elementor-widget-container\">\n\t\t\t\t\t\t\t\t\t<p>For groups, special requests, please contact us!<br \/>(Please call for table reservations.)<\/p>\t\t\t\t\t\t\t\t<\/div>\n\t\t\t\t<\/div>\n\t\t\t\t\t<\/div>\n\t\t<\/div>\n\t\t\t\t\t<\/div>\n\t\t<\/section>\n\t\t\t\t<section class=\"elementor-section elementor-top-section elementor-element elementor-element-c5bf8a3 elementor-section-full_width elementor-section-height-default elementor-section-height-default\" data-id=\"c5bf8a3\" data-element_type=\"section\" data-e-type=\"section\">\n\t\t\t\t\t\t<div class=\"elementor-container elementor-column-gap-default\">\n\t\t\t\t\t<div class=\"elementor-column elementor-col-100 elementor-top-column elementor-element elementor-element-3c4b812\" data-id=\"3c4b812\" data-element_type=\"column\" data-e-type=\"column\">\n\t\t\t<div class=\"elementor-widget-wrap elementor-element-populated\">\n\t\t\t\t\t\t<div class=\"elementor-element elementor-element-3a9c378 elementor-widget elementor-widget-google_maps\" data-id=\"3a9c378\" data-element_type=\"widget\" data-e-type=\"widget\" data-widget_type=\"google_maps.default\">\n\t\t\t\t<div class=\"elementor-widget-container\">\n\t\t\t\t\t\t\t<div class=\"elementor-custom-embed\">\n\t\t\t<iframe loading=\"lazy\"\n\t\t\t\t\tsrc=\"https:\/\/maps.google.com\/maps?q=2500%20Esztergom%2C%20Batthy%C3%A1ny%20Lajos%20u.%209&#038;t=m&#038;z=17&#038;output=embed&#038;iwloc=near\"\n\t\t\t\t\ttitle=\"2500 Esztergom, Batthy\u00e1ny Lajos u. 9\"\n\t\t\t\t\taria-label=\"2500 Esztergom, Batthy\u00e1ny Lajos u. 9\"\n\t\t\t><\/iframe>\n\t\t<\/div>\n\t\t\t\t\t\t<\/div>\n\t\t\t\t<\/div>\n\t\t\t\t\t<\/div>\n\t\t<\/div>\n\t\t\t\t\t<\/div>\n\t\t<\/section>\n\t\t\t\t<\/div>\n\t\t","protected":false},"excerpt":{"rendered":"<p>Cs\u00fcl\u00f6k Cs\u00e1rda Visit us! Phone +36 33 412 420 Address 2500 Esztergom, 9 Batthy\u00e1ny Lajos street Opening hours Monday-Saturday: 12.00-09.00 pm Sunday: 12.00-08.00 pm The kitchen closes one hour earlier&#8230;.<\/p>\n","protected":false},"author":1,"featured_media":1253,"parent":0,"menu_order":-6,"comment_status":"closed","ping_status":"closed","template":"","meta":{"footnotes":""},"class_list":["post-1577","page","type-page","status-publish","has-post-thumbnail","hentry"],"aioseo_notices":[],"_links":{"self":[{"href":"https:\/\/csulokcsarda.hu\/en\/wp-json\/wp\/v2\/pages\/1577","targetHints":{"allow":["GET"]}}],"collection":[{"href":"https:\/\/csulokcsarda.hu\/en\/wp-json\/wp\/v2\/pages"}],"about":[{"href":"https:\/\/csulokcsarda.hu\/en\/wp-json\/wp\/v2\/types\/page"}],"author":[{"embeddable":true,"href":"https:\/\/csulokcsarda.hu\/en\/wp-json\/wp\/v2\/users\/1"}],"replies":[{"embeddable":true,"href":"https:\/\/csulokcsarda.hu\/en\/wp-json\/wp\/v2\/comments?post=1577"}],"version-history":[{"count":40,"href":"https:\/\/csulokcsarda.hu\/en\/wp-json\/wp\/v2\/pages\/1577\/revisions"}],"predecessor-version":[{"id":2745,"href":"https:\/\/csulokcsarda.hu\/en\/wp-json\/wp\/v2\/pages\/1577\/revisions\/2745"}],"wp:featuredmedia":[{"embeddable":true,"href":"https:\/\/csulokcsarda.hu\/en\/wp-json\/wp\/v2\/media\/1253"}],"wp:attachment":[{"href":"https:\/\/csulokcsarda.hu\/en\/wp-json\/wp\/v2\/media?parent=1577"}],"curies":[{"name":"wp","href":"https:\/\/api.w.org\/{rel}","templated":true}]}}